{"id":10934,"date":"2025-01-18T07:21:52","date_gmt":"2025-01-18T07:21:52","guid":{"rendered":"https:\/\/smaksolutions.ba\/?page_id=10934"},"modified":"2025-01-28T14:16:35","modified_gmt":"2025-01-28T14:16:35","slug":"omnichannel","status":"publish","type":"page","link":"https:\/\/smaksolutions.ba\/en\/omnichannel\/","title":{"rendered":"SMAK Solutions \u2013 Omnichannel strategije poslovanja"},"content":{"rendered":"<div class=\"wpb-content-wrapper\"><div class=\"vc_row wpb_row vc_row-fluid\"><div class=\"wpb_column vc_column_container vc_col-sm-12\"><div class=\"vc_column-inner\"><div class=\"wpb_wrapper\"><div class='dt-sc-title with-two-color-stripe'><h5>Smak Solutions at the service of your success.<\/h5><h2><\/h2><h5>Svi kanali, jedna povezana usluga.<\/h5><\/div>\n\t<div class=\"wpb_text_column wpb_content_element\" >\n\t\t<div class=\"wpb_wrapper\">\n\t\t\t<h5><strong>Omnichannel rje\u0161enja za naplatu potra\u017eivanja, telemarketing i korisni\u010dku podr\u0161ku<\/strong><\/h5>\n<p>U dana\u0161njem digitalnom okru\u017eenju, <strong>vi\u0161ekanalna komunikacija<\/strong> je klju\u010dna za efikasno upravljanje interakcijama s klijentima. <strong>SMAK Solutions<\/strong> nudi <strong>Omnichannel pristup<\/strong>, omogu\u0107avaju\u0107i besprijekornu i integrisanu komunikaciju putem razli\u010ditih kanala, uz centralizovano upravljanje podacima. Ovaj model osigurava <strong>kontinuitet u komunikaciji<\/strong>, pove\u0107ava produktivnost i pobolj\u0161ava korisni\u010dko iskustvo.<\/p>\n\n\t\t<\/div>\n\t<\/div>\n<div class=\"ult-spacer spacer-6a00d43bddede\" data-id=\"6a00d43bddede\" data-height=\"10\" data-height-mobile=\"10\" data-height-tab=\"10\" data-height-tab-portrait=\"\" data-height-mobile-landscape=\"\" style=\"clear:both;display:block;\"><\/div><\/div><\/div><\/div><\/div><div class=\"vc_row wpb_row vc_row-fluid\"><div class=\"wpb_column vc_column_container vc_col-sm-4\"><div class=\"vc_column-inner\"><div class=\"wpb_wrapper\"><div class=\"ult-animation  ult-animate-viewport  ult-no-mobile\" data-animate=\"flipInY\" data-animation-delay=\"1\" data-animation-duration=\"1\" data-animation-iteration=\"1\" style=\"opacity:0;\" data-opacity_start_effect=\"\"><div class='dt-sc-icon-box type4'><div class=\"icon-wrapper\"><img loading=\"lazy\" decoding=\"async\" width=\"100\" height=\"100\" src=\"https:\/\/smaksolutions.ba\/wp-content\/uploads\/2025\/01\/Untitled-design-43.png\" class=\"attachment-full\" alt=\"\" title=\"Untitled design (43)\" srcset=\"https:\/\/smaksolutions.ba\/wp-content\/uploads\/2025\/01\/Untitled-design-43.png 100w, https:\/\/smaksolutions.ba\/wp-content\/uploads\/2025\/01\/Untitled-design-43-12x12.png 12w\" sizes=\"auto, (max-width: 100px) 100vw, 100px\" \/><\/div><div class=\"icon-content\"><h4>Integracija svih kanala komunikacije<\/h4><p>Povezujemo telefone, e-mail, SMS, Viber, WhatsApp, dru\u0161tvene mre\u017ee i IVR sistem u jedinstvenu platformu. Ovo omogu\u0107ava brzu i efikasnu interakciju s klijentima, bez obzira na kanal koji koriste.<\/p><\/div><\/div><\/div><div class=\"ult-spacer spacer-6a00d43bde477\" data-id=\"6a00d43bde477\" data-height=\"10\" data-height-mobile=\"10\" data-height-tab=\"10\" data-height-tab-portrait=\"\" data-height-mobile-landscape=\"\" style=\"clear:both;display:block;\"><\/div><\/div><\/div><\/div><div class=\"wpb_column vc_column_container vc_col-sm-4\"><div class=\"vc_column-inner\"><div class=\"wpb_wrapper\"><div class=\"ult-animation  ult-animate-viewport  ult-no-mobile\" data-animate=\"flipInY\" data-animation-delay=\"1\" data-animation-duration=\"1\" data-animation-iteration=\"1\" style=\"opacity:0;\" data-opacity_start_effect=\"\"><div class='dt-sc-icon-box type4'><div class=\"icon-wrapper\"><img loading=\"lazy\" decoding=\"async\" width=\"100\" height=\"100\" src=\"https:\/\/smaksolutions.ba\/wp-content\/uploads\/2025\/01\/Untitled-design-44.png\" class=\"attachment-full\" alt=\"\" title=\"Untitled design (44)\" srcset=\"https:\/\/smaksolutions.ba\/wp-content\/uploads\/2025\/01\/Untitled-design-44.png 100w, https:\/\/smaksolutions.ba\/wp-content\/uploads\/2025\/01\/Untitled-design-44-12x12.png 12w\" sizes=\"auto, (max-width: 100px) 100vw, 100px\" \/><\/div><div class=\"icon-content\"><h4>Personalizovano iskustvo korisnika<\/h4><p>Svaka interakcija je pra\u0107ena i evidentirana u centralizovanom sistemu, omogu\u0107avaju\u0107i agentima pristup kompletnoj historiji komunikacije. Na ovaj na\u010din pru\u017eamo <strong>prilago\u0111enu podr\u0161ku<\/strong>, \u010dime se pobolj\u0161ava korisni\u010dko iskustvo i pove\u0107ava lojalnost.<\/p><\/div><\/div><\/div><div class=\"ult-spacer spacer-6a00d43bde676\" data-id=\"6a00d43bde676\" data-height=\"10\" data-height-mobile=\"10\" data-height-tab=\"10\" data-height-tab-portrait=\"\" data-height-mobile-landscape=\"\" style=\"clear:both;display:block;\"><\/div><\/div><\/div><\/div><div class=\"wpb_column vc_column_container vc_col-sm-4\"><div class=\"vc_column-inner\"><div class=\"wpb_wrapper\"><div class=\"ult-animation  ult-animate-viewport  ult-no-mobile\" data-animate=\"flipInY\" data-animation-delay=\"1\" data-animation-duration=\"1\" data-animation-iteration=\"1\" style=\"opacity:0;\" data-opacity_start_effect=\"\"><div class='dt-sc-icon-box type4'><div class=\"icon-wrapper\"><img loading=\"lazy\" decoding=\"async\" width=\"100\" height=\"100\" src=\"https:\/\/smaksolutions.ba\/wp-content\/uploads\/2025\/01\/Untitled-design-45.png\" class=\"attachment-full\" alt=\"\" title=\"Untitled design (45)\" srcset=\"https:\/\/smaksolutions.ba\/wp-content\/uploads\/2025\/01\/Untitled-design-45.png 100w, https:\/\/smaksolutions.ba\/wp-content\/uploads\/2025\/01\/Untitled-design-45-12x12.png 12w\" sizes=\"auto, (max-width: 100px) 100vw, 100px\" \/><\/div><div class=\"icon-content\"><h4>Brza i efikasna naplata potra\u017eivanja<\/h4><p>Kombinujemo <strong>automatizovane podsjetnike<\/strong>, proaktivan kontakt i analitiku kako bismo pove\u0107ali uspje\u0161nost naplate uz o\u010duvanje odnosa s klijentima. Razli\u010diti kanali omogu\u0107avaju pravovremenu reakciju i smanjenje rizika od ka\u0161njenja u pla\u0107anjima.<\/p><\/div><\/div><\/div><div class=\"ult-spacer spacer-6a00d43bde8eb\" data-id=\"6a00d43bde8eb\" data-height=\"10\" data-height-mobile=\"10\" data-height-tab=\"10\" data-height-tab-portrait=\"\" data-height-mobile-landscape=\"\" style=\"clear:both;display:block;\"><\/div><\/div><\/div><\/div><\/div><div class=\"vc_row wpb_row vc_row-fluid\"><div class=\"wpb_column vc_column_container vc_col-sm-4\"><div class=\"vc_column-inner\"><div class=\"wpb_wrapper\"><div class=\"ult-animation  ult-animate-viewport  ult-no-mobile\" data-animate=\"flipInY\" data-animation-delay=\"1.5\" data-animation-duration=\"1\" data-animation-iteration=\"1\" style=\"opacity:0;\" data-opacity_start_effect=\"\"><div class='dt-sc-icon-box type4'><div class=\"icon-wrapper\"><img loading=\"lazy\" decoding=\"async\" width=\"100\" height=\"100\" src=\"https:\/\/smaksolutions.ba\/wp-content\/uploads\/2025\/01\/Untitled-design-46.png\" class=\"attachment-full\" alt=\"\" title=\"Untitled design (46)\" srcset=\"https:\/\/smaksolutions.ba\/wp-content\/uploads\/2025\/01\/Untitled-design-46.png 100w, https:\/\/smaksolutions.ba\/wp-content\/uploads\/2025\/01\/Untitled-design-46-12x12.png 12w\" sizes=\"auto, (max-width: 100px) 100vw, 100px\" \/><\/div><div class=\"icon-content\"><h4>Pobolj\u0161anje korisni\u010dke podr\u0161ke<\/h4><p>Na\u0161i agenti imaju pristup svim relevantnim informacijama kroz <strong>CRM sistem<\/strong>, omogu\u0107avaju\u0107i im da brzo odgovore na upite, rije\u0161e probleme i pru\u017ee visokokvalitetnu podr\u0161ku putem vi\u0161e kanala komunikacije.<\/p><\/div><\/div><\/div><\/div><\/div><\/div><div class=\"wpb_column vc_column_container vc_col-sm-4\"><div class=\"vc_column-inner\"><div class=\"wpb_wrapper\"><div class=\"ult-animation  ult-animate-viewport  ult-no-mobile\" data-animate=\"flipInY\" data-animation-delay=\"1.5\" data-animation-duration=\"1\" data-animation-iteration=\"1\" style=\"opacity:0;\" data-opacity_start_effect=\"\"><div class='dt-sc-icon-box type4'><div class=\"icon-wrapper\"><img loading=\"lazy\" decoding=\"async\" width=\"100\" height=\"100\" src=\"https:\/\/smaksolutions.ba\/wp-content\/uploads\/2025\/01\/Untitled-design-47.png\" class=\"attachment-full\" alt=\"Centralizovani proces\" title=\"Centralizovani proces\" srcset=\"https:\/\/smaksolutions.ba\/wp-content\/uploads\/2025\/01\/Untitled-design-47.png 100w, https:\/\/smaksolutions.ba\/wp-content\/uploads\/2025\/01\/Untitled-design-47-12x12.png 12w\" sizes=\"auto, (max-width: 100px) 100vw, 100px\" \/><\/div><div class=\"icon-content\"><h4>Automatizacija procesa<\/h4><p>Kori\u0161tenjem <strong>AI rje\u0161enja i napredne analitike<\/strong>, smanjujemo manuelni rad i ubrzavamo procese. Automatizovane obavijesti, prediktivni dialeri i IVR sistemi pobolj\u0161avaju operativnu efikasnost i smanjuju tro\u0161kove.<\/p><\/div><\/div><\/div><\/div><\/div><\/div><div class=\"wpb_column vc_column_container vc_col-sm-4\"><div class=\"vc_column-inner\"><div class=\"wpb_wrapper\"><div class=\"ult-animation  ult-animate-viewport  ult-no-mobile\" data-animate=\"flipInY\" data-animation-delay=\"1.5\" data-animation-duration=\"1\" data-animation-iteration=\"1\" style=\"opacity:0;\" data-opacity_start_effect=\"\"><div class='dt-sc-icon-box type4'><div class=\"icon-wrapper\"><img loading=\"lazy\" decoding=\"async\" width=\"100\" height=\"100\" src=\"https:\/\/smaksolutions.ba\/wp-content\/uploads\/2025\/01\/Untitled-design-48.png\" class=\"attachment-full\" alt=\"Posta\" title=\"Posta\" srcset=\"https:\/\/smaksolutions.ba\/wp-content\/uploads\/2025\/01\/Untitled-design-48.png 100w, https:\/\/smaksolutions.ba\/wp-content\/uploads\/2025\/01\/Untitled-design-48-12x12.png 12w\" sizes=\"auto, (max-width: 100px) 100vw, 100px\" \/><\/div><div class=\"icon-content\"><h4>Slanje pisama na adresu<\/h4><p>Pored digitalnih kanala, omogu\u0107avamo <strong>fizi\u010dku dostavu obavijesti<\/strong> putem po\u0161te za formalne opomene, obavje\u0161tenja o dugovanjima i pravne dokumente. Ovo osigurava <strong>kompletnu pokrivenost komunikacije<\/strong> i pove\u0107ava uspje\u0161nost u naplati i korisni\u010dkoj podr\u0161ci.<\/p><\/p><\/div><\/div><\/div><\/div><\/div><\/div><\/div>\n<\/div>","protected":false},"excerpt":{"rendered":"Smak Solutions u slu\u017ebi va\u0161eg uspjehaSvi kanali, jedna povezana usluga. Omnichannel rje\u0161enja za naplatu potra\u017eivanja, telemarketing i korisni\u010dku podr\u0161ku U dana\u0161njem digitalnom okru\u017eenju, vi\u0161ekanalna komunikacija je klju\u010dna za efikasno upravljanje interakcijama s klijentima. SMAK Solutions nudi Omnichannel pristup, omogu\u0107avaju\u0107i besprijekornu i integrisanu komunikaciju putem razli\u010ditih kanala, uz centralizovano upravljanje podacima. Ovaj model osigurava kontinuitet u [...]","protected":false},"author":1,"featured_media":0,"parent":0,"menu_order":0,"comment_status":"closed","ping_status":"closed","template":"","meta":{"footnotes":""},"class_list":["post-10934","page","type-page","status-publish","hentry"],"_links":{"self":[{"href":"https:\/\/smaksolutions.ba\/en\/wp-json\/wp\/v2\/pages\/10934","targetHints":{"allow":["GET"]}}],"collection":[{"href":"https:\/\/smaksolutions.ba\/en\/wp-json\/wp\/v2\/pages"}],"about":[{"href":"https:\/\/smaksolutions.ba\/en\/wp-json\/wp\/v2\/types\/page"}],"author":[{"embeddable":true,"href":"https:\/\/smaksolutions.ba\/en\/wp-json\/wp\/v2\/users\/1"}],"replies":[{"embeddable":true,"href":"https:\/\/smaksolutions.ba\/en\/wp-json\/wp\/v2\/comments?post=10934"}],"version-history":[{"count":28,"href":"https:\/\/smaksolutions.ba\/en\/wp-json\/wp\/v2\/pages\/10934\/revisions"}],"predecessor-version":[{"id":11072,"href":"https:\/\/smaksolutions.ba\/en\/wp-json\/wp\/v2\/pages\/10934\/revisions\/11072"}],"wp:attachment":[{"href":"https:\/\/smaksolutions.ba\/en\/wp-json\/wp\/v2\/media?parent=10934"}],"curies":[{"name":"wp","href":"https:\/\/api.w.org\/{rel}","templated":true}]}}