{"id":10559,"date":"2024-12-11T21:10:59","date_gmt":"2024-12-11T21:10:59","guid":{"rendered":"https:\/\/smaksolutions.ba\/?page_id=10559"},"modified":"2025-01-28T11:02:34","modified_gmt":"2025-01-28T11:02:34","slug":"osiguranje","status":"publish","type":"page","link":"https:\/\/smaksolutions.ba\/en\/osiguranje\/","title":{"rendered":"Outsourcing za osiguravaju\u0107e kompanije"},"content":{"rendered":"<div class=\"wpb-content-wrapper\"><div class=\"vc_row wpb_row vc_row-fluid\"><div class=\"wpb_column vc_column_container vc_col-sm-12\"><div class=\"vc_column-inner\"><div class=\"wpb_wrapper\"><div class='dt-sc-title with-two-color-stripe'><h5>Smak Solutions at the Service of Your Success<\/h5><h2><\/h2><h5>Comprehensive Support for Your Clients<\/h5><\/div><\/div><\/div><\/div><\/div><div class=\"vc_row wpb_row vc_row-fluid\"><div class=\"wpb_column vc_column_container vc_col-sm-12\"><div class=\"vc_column-inner\"><div class=\"wpb_wrapper\">\n\t<div class=\"wpb_text_column wpb_content_element\" >\n\t\t<div class=\"wpb_wrapper\">\n\t\t\t<p>The insurance sector sets high standards for communication quality, client trust, and process efficiency. SMAK Solutions recognizes these demands and delivers tailored services that address the challenges of the modern insurance market. Through a combination of expert teams, advanced technologies, and adaptable processes, we enable insurance companies to optimize operations, enhance customer satisfaction, and improve sales and post-sales activities.<\/p>\n\n\t\t<\/div>\n\t<\/div>\n<div class=\"ult-spacer spacer-6a00d43c791af\" data-id=\"6a00d43c791af\" data-height=\"10\" data-height-mobile=\"10\" data-height-tab=\"10\" data-height-tab-portrait=\"\" data-height-mobile-landscape=\"\" style=\"clear:both;display:block;\"><\/div><\/div><\/div><\/div><\/div><div class=\"vc_row wpb_row vc_row-fluid\"><div class=\"wpb_column vc_column_container vc_col-sm-8\"><div class=\"vc_column-inner\"><div class=\"wpb_wrapper\"><div class=\"ult-animation  ult-animate-viewport  ult-no-mobile\" data-animate=\"fadeIn\" data-animation-delay=\"0\" data-animation-duration=\"1\" data-animation-iteration=\"1\" style=\"opacity:0;\" data-opacity_start_effect=\"\"><h3>How Does SMAK Solutions Enhance the Insurance Sector?<\/h3><div class=\"vc_tta-container\" data-vc-action=\"collapse\"><div class=\"vc_general vc_tta vc_tta-accordion vc_tta-color-grey vc_tta-style-classic vc_tta-shape-rounded vc_tta-o-shape-group vc_tta-controls-align-default\"><div class=\"vc_tta-panels-container\"><div class=\"vc_tta-panels\"><div class=\"vc_tta-panel\" id=\"1733955180277-e2f10b4a-3cf3\" data-vc-content=\".vc_tta-panel-body\"><div class=\"vc_tta-panel-heading\"><h4 class=\"vc_tta-panel-title vc_tta-controls-icon-position-left\"><a href=\"#1733955180277-e2f10b4a-3cf3\" data-vc-accordion data-vc-container=\".vc_tta-container\"><span class=\"vc_tta-title-text\">Telemarketing for the Promotion and Sale of Insurance Products<\/span><i class=\"vc_tta-controls-icon vc_tta-controls-icon-plus\"><\/i><\/a><\/h4><\/div><div class=\"vc_tta-panel-body\">\n\t<div class=\"wpb_text_column wpb_content_element\" >\n\t\t<div class=\"wpb_wrapper\">\n\t\t\t<p>Telemarketing is a powerful tool for direct communication with potential and existing policyholders. SMAK Solutions offers:<\/p>\n<ul>\n<li><strong>Personalized Campaigns:<\/strong>\n<ul>\n<li>Targeted marketing campaigns for life, health, auto, property, and travel insurance.<\/li>\n<li>We offer additional options such as extended coverage or special promotional packages.<\/li>\n<\/ul>\n<\/li>\n<li><strong>Generating Potential Clients (Lead Generation):<\/strong>\n<ul>\n<li>Identifying interested clients through phone campaigns.<\/li>\n<li>Scheduling appointments for insurance agents to provide detailed product presentations.<\/li>\n<\/ul>\n<\/li>\n<li><strong>Cross-Selling and Up-Selling Strategies:<\/strong>\n<ul>\n<li>Pove\u0107anje vrijednosti postoje\u0107ih klijenata nude\u0107i dodatne usluge ili pro\u0161irene polise.<\/li>\n<\/ul>\n<\/li>\n<\/ul>\n\n\t\t<\/div>\n\t<\/div>\n<\/div><\/div><div class=\"vc_tta-panel\" id=\"1733955180304-32d495fc-bf40\" data-vc-content=\".vc_tta-panel-body\"><div class=\"vc_tta-panel-heading\"><h4 class=\"vc_tta-panel-title vc_tta-controls-icon-position-left\"><a href=\"#1733955180304-32d495fc-bf40\" data-vc-accordion data-vc-container=\".vc_tta-container\"><span class=\"vc_tta-title-text\">Inbound Services for Insurance Company Clients<\/span><i class=\"vc_tta-controls-icon vc_tta-controls-icon-plus\"><\/i><\/a><\/h4><\/div><div class=\"vc_tta-panel-body\">\n\t<div class=\"wpb_text_column wpb_content_element\" >\n\t\t<div class=\"wpb_wrapper\">\n\t\t\t<p>Inbound services provide clients with easy access to information and solutions at any time. Our agents offer:<\/p>\n<ul>\n<li><strong>Policy Information:<\/strong>\n<ul>\n<li>Detailed explanations of existing coverage, premiums, and insurance terms.<\/li>\n<li>Assistance in selecting new policies tailored to the specific needs of clients.<\/li>\n<\/ul>\n<\/li>\n<li><strong>Technical Support:<\/strong>\n<ul>\n<li>Assisting clients with using online portals for managing insurance policies and paying premiums.<\/li>\n<li>Resolving technical issues with accessing applications or documents.<\/li>\n<\/ul>\n<\/li>\n<li><strong>Claims Support:<\/strong>\n<ul>\n<li>Guiding clients through the process of filing insurance claims.<\/li>\n<li>Tracking claim status and providing updated information.<\/li>\n<\/ul>\n<\/li>\n<\/ul>\n\n\t\t<\/div>\n\t<\/div>\n<\/div><\/div><div class=\"vc_tta-panel\" id=\"1733955607552-19911244-d796\" data-vc-content=\".vc_tta-panel-body\"><div class=\"vc_tta-panel-heading\"><h4 class=\"vc_tta-panel-title vc_tta-controls-icon-position-left\"><a href=\"#1733955607552-19911244-d796\" data-vc-accordion data-vc-container=\".vc_tta-container\"><span class=\"vc_tta-title-text\">Outbound Services for Proactive Client Support<\/span><i class=\"vc_tta-controls-icon vc_tta-controls-icon-plus\"><\/i><\/a><\/h4><\/div><div class=\"vc_tta-panel-body\">\n\t<div class=\"wpb_text_column wpb_content_element\" >\n\t\t<div class=\"wpb_wrapper\">\n\t\t\t<p>A proactive approach to clients enables insurance companies to enhance loyalty and trust. We offer:<\/p>\n<ul>\n<li><strong>Reminders and Notifications:<\/strong>\n<ul>\n<li>Reminding clients about due premiums, policy expirations, or renewal opportunities.<\/li>\n<li>Providing information about new products, benefits, and promotions.<\/li>\n<\/ul>\n<\/li>\n<li><strong>Satisfaction Surveys:<\/strong>\n<ul>\n<li>Conducting surveys to identify opportunities for improving the customer experience.<\/li>\n<\/ul>\n<\/li>\n<li><strong>Collections Support:<\/strong>\n<ul>\n<li>Managing client debts and proposing solutions for rescheduling or deferring payments.<\/li>\n<\/ul>\n<\/li>\n<\/ul>\n\n\t\t<\/div>\n\t<\/div>\n<\/div><\/div><div class=\"vc_tta-panel\" id=\"1733956234382-ac019648-f241\" data-vc-content=\".vc_tta-panel-body\"><div class=\"vc_tta-panel-heading\"><h4 class=\"vc_tta-panel-title vc_tta-controls-icon-position-left\"><a href=\"#1733956234382-ac019648-f241\" data-vc-accordion data-vc-container=\".vc_tta-container\"><span class=\"vc_tta-title-text\">The Added Value SMAK Solutions Brings to the Insurance Sector<\/span><i class=\"vc_tta-controls-icon vc_tta-controls-icon-plus\"><\/i><\/a><\/h4><\/div><div class=\"vc_tta-panel-body\">\n\t<div class=\"wpb_text_column wpb_content_element\" >\n\t\t<div class=\"wpb_wrapper\">\n\t\t\t<h4><strong>Expert Team and Training:<\/strong><\/h4>\n<p>Our agents undergo specialized training for working in the insurance industry, ensuring accuracy and professionalism in communication. We focus on the sensitive aspects of managing information, providing support, and resolving issues.<\/p>\n<h4><strong>Technological Support and Integration:<\/strong><\/h4>\n<p>SMAK Solutions utilizes advanced tools for customer support management and integration with insurance company systems. Our technology enables swift request tracking, report generation, and data analysis.<\/p>\n<h4><strong>Focus on Data Security:<\/strong><\/h4>\n<p>Given the sensitive nature of the insurance industry, our systems and procedures are fully compliant with data protection regulations (GDPR and other standards). Clients can rest assured that their data is secure.<\/p>\n<h4><strong>Service Flexibility:<\/strong><\/h4>\n<p>Regardless of the company's size or product complexity, our processes are flexible and adaptable to client needs. We offer personalized strategies that enhance efficiency and end-user satisfaction.<\/p>\n\n\t\t<\/div>\n\t<\/div>\n<\/div><\/div><\/div><\/div><\/div><\/div><\/div><\/div><\/div><\/div><div class=\"wpb_column vc_column_container vc_col-sm-4\"><div class=\"vc_column-inner\"><div class=\"wpb_wrapper\">\n\t<div  class=\"wpb_single_image wpb_content_element vc_align_left wpb_content_element\">\n\t\t\n\t\t<figure class=\"wpb_wrapper vc_figure\">\n\t\t\t<div class=\"vc_single_image-wrapper   vc_box_border_grey\"><img loading=\"lazy\" decoding=\"async\" width=\"400\" height=\"380\" src=\"https:\/\/smaksolutions.ba\/wp-content\/uploads\/2024\/12\/Untitled-design-20-1.png\" class=\"vc_single_image-img attachment-full\" alt=\"\" title=\"Untitled design (20)\" srcset=\"https:\/\/smaksolutions.ba\/wp-content\/uploads\/2024\/12\/Untitled-design-20-1.png 400w, https:\/\/smaksolutions.ba\/wp-content\/uploads\/2024\/12\/Untitled-design-20-1-300x285.png 300w, https:\/\/smaksolutions.ba\/wp-content\/uploads\/2024\/12\/Untitled-design-20-1-13x12.png 13w\" sizes=\"auto, (max-width: 400px) 100vw, 400px\" \/><\/div>\n\t\t<\/figure>\n\t<\/div>\n<\/div><\/div><\/div><\/div>\n<\/div>","protected":false},"excerpt":{"rendered":"Smak Solutions u sluzbi va\u0161eg uspjehaSveobuhvatna podr\u0161ka za va\u0161e klijente Sektor osiguranja postavlja visoke standarde za kvalitet komunikacije, povjerenje klijenata i efikasnost procesa. SMAK Solutions prepoznaje ove zahtjeve i pru\u017ea prilago\u0111ene usluge koje odgovaraju na izazove modernog tr\u017ei\u0161ta osiguranja. Kroz kombinaciju stru\u010dnih timova, naprednih tehnologija i prilagodljivih procesa, omogu\u0107avamo osiguravaju\u0107im kompanijama da optimizuju svoje operacije, [...]","protected":false},"author":1,"featured_media":0,"parent":0,"menu_order":0,"comment_status":"closed","ping_status":"closed","template":"","meta":{"footnotes":""},"class_list":["post-10559","page","type-page","status-publish","hentry"],"_links":{"self":[{"href":"https:\/\/smaksolutions.ba\/en\/wp-json\/wp\/v2\/pages\/10559","targetHints":{"allow":["GET"]}}],"collection":[{"href":"https:\/\/smaksolutions.ba\/en\/wp-json\/wp\/v2\/pages"}],"about":[{"href":"https:\/\/smaksolutions.ba\/en\/wp-json\/wp\/v2\/types\/page"}],"author":[{"embeddable":true,"href":"https:\/\/smaksolutions.ba\/en\/wp-json\/wp\/v2\/users\/1"}],"replies":[{"embeddable":true,"href":"https:\/\/smaksolutions.ba\/en\/wp-json\/wp\/v2\/comments?post=10559"}],"version-history":[{"count":10,"href":"https:\/\/smaksolutions.ba\/en\/wp-json\/wp\/v2\/pages\/10559\/revisions"}],"predecessor-version":[{"id":11107,"href":"https:\/\/smaksolutions.ba\/en\/wp-json\/wp\/v2\/pages\/10559\/revisions\/11107"}],"wp:attachment":[{"href":"https:\/\/smaksolutions.ba\/en\/wp-json\/wp\/v2\/media?parent=10559"}],"curies":[{"name":"wp","href":"https:\/\/api.w.org\/{rel}","templated":true}]}}