{"id":10538,"date":"2024-12-11T06:57:46","date_gmt":"2024-12-11T06:57:46","guid":{"rendered":"https:\/\/smaksolutions.ba\/?page_id=10538"},"modified":"2025-01-28T10:53:14","modified_gmt":"2025-01-28T10:53:14","slug":"telekomi-i-mediji","status":"publish","type":"page","link":"https:\/\/smaksolutions.ba\/en\/telekomi-i-mediji\/","title":{"rendered":"Outsourcing za telekom i medijske kompanije"},"content":{"rendered":"<div class=\"wpb-content-wrapper\"><div class=\"vc_row wpb_row vc_row-fluid\"><div class=\"wpb_column vc_column_container vc_col-sm-12\"><div class=\"vc_column-inner\"><div class=\"wpb_wrapper\"><div class='dt-sc-title with-two-color-stripe'><h5>Smak Solutions at the Service of Your Success<\/h5><h1><\/h1><h5>Connecting People with Solutions \u2013 Your Services, Our Priority.<\/h5><\/div><\/div><\/div><\/div><\/div><div class=\"vc_row wpb_row vc_row-fluid\"><div class=\"wpb_column vc_column_container vc_col-sm-12\"><div class=\"vc_column-inner\"><div class=\"wpb_wrapper\">\n\t<div class=\"wpb_text_column wpb_content_element\" >\n\t\t<div class=\"wpb_wrapper\">\n\t\t\t<p>In the dynamic world of telecommunications and media, where response speed and customer satisfaction are key to success, SMAK Solutions delivers reliable support that enhances your connection with clients. Our services are designed to address all challenges \u2013 from technical support and promoting new services to personalized customer communication.<\/p>\n<p>With an expert team, advanced technology, and adaptable processes, SMAK Solutions empowers telecommunications and media companies to optimize operations, enhance customer loyalty, and expand their market impact. Let us handle your daily interactions while you focus on innovation and growing your business.<\/p>\n<p>&nbsp;<\/p>\n\n\t\t<\/div>\n\t<\/div>\n<div class=\"ult-spacer spacer-6a00d47bbbe26\" data-id=\"6a00d47bbbe26\" data-height=\"10\" data-height-mobile=\"10\" data-height-tab=\"10\" data-height-tab-portrait=\"\" data-height-mobile-landscape=\"\" style=\"clear:both;display:block;\"><\/div><div class='dt-sc-title script-with-sub-title'><h3><strong>How Does SMAK Solutions Support the Telecommunications and Media Sector?<\/strong><\/h3><h3><\/h3><\/div><\/div><\/div><\/div><\/div><div class=\"vc_row wpb_row vc_row-fluid\"><div class=\"wpb_column vc_column_container vc_col-sm-4\"><div class=\"vc_column-inner\"><div class=\"wpb_wrapper\"><div class=\"ult-animation  ult-animate-viewport  ult-no-mobile\" data-animate=\"flipInX\" data-animation-delay=\"1\" data-animation-duration=\"1\" data-animation-iteration=\"1\" style=\"opacity:0;\" data-opacity_start_effect=\"\"><h4>Inbound Services for Telecom and Media Companies<\/h4>\n\t<div class=\"wpb_text_column wpb_content_element\" >\n\t\t<div class=\"wpb_wrapper\">\n\t\t\t<ul>\n<li><strong>Telemarketing and Sales:<\/strong>\n<ul>\n<li>Promotion of new packages and services, including internet speeds, premium TV channels, or mobile plans.<\/li>\n<li>Up-selling and cross-selling additional services, such as upgrading existing packages or adding streaming platforms.<\/li>\n<\/ul>\n<\/li>\n<li><strong>Reminders and Notifications:<\/strong>\n<ul>\n<li>Reminding users of due obligations or subscription renewals.<\/li>\n<li>Information about network upgrades or changes in tariffs.<\/li>\n<\/ul>\n<\/li>\n<li><strong>Customer satisfaction surveys.<\/strong>\n<ul>\n<li>Conducting research to assess customer satisfaction with services and identify opportunities for improvement.<\/li>\n<\/ul>\n<\/li>\n<\/ul>\n\n\t\t<\/div>\n\t<\/div>\n<\/div><\/div><\/div><\/div><div class=\"wpb_column vc_column_container vc_col-sm-4\"><div class=\"vc_column-inner\"><div class=\"wpb_wrapper\"><div class=\"ult-animation  ult-animate-viewport  ult-no-mobile\" data-animate=\"flipInX\" data-animation-delay=\"1\" data-animation-duration=\"1\" data-animation-iteration=\"1\" style=\"opacity:0;\" data-opacity_start_effect=\"\"><h4>Outbound Services for Telecom and Media Companies<\/h4>\n\t<div class=\"wpb_text_column wpb_content_element\" >\n\t\t<div class=\"wpb_wrapper\">\n\t\t\t<ul>\n<li><strong>Speed and Efficiency:<\/strong>\n<ul>\n<li>Our agents quickly identify and resolve issues, minimizing customer wait times.<\/li>\n<\/ul>\n<\/li>\n<li><strong>Personalized Communication:<\/strong>\n<ul>\n<li>Each customer receives an individualized approach tailored to their needs and the services they use.<\/li>\n<\/ul>\n<\/li>\n<li><strong>Technological Integration:<\/strong>\n<ul>\n<li>Our infrastructure enables seamless integration with telecommunications and media systems.<\/li>\n<\/ul>\n<\/li>\n<li><strong>3. Flexibility:<\/strong>\n<ul>\n<li>We tailor processes to the specific requirements of each company, ensuring maximum efficiency.<\/li>\n<\/ul>\n<\/li>\n<\/ul>\n\n\t\t<\/div>\n\t<\/div>\n<\/div><\/div><\/div><\/div><div class=\"wpb_column vc_column_container vc_col-sm-4\"><div class=\"vc_column-inner\"><div class=\"wpb_wrapper\"><div class=\"ult-animation  ult-animate-viewport  ult-no-mobile\" data-animate=\"flipInY\" data-animation-delay=\"1\" data-animation-duration=\"1\" data-animation-iteration=\"1\" style=\"opacity:0;\" data-opacity_start_effect=\"\"><h4>Technical and Digital Support<\/h4>\n\t<div class=\"wpb_text_column wpb_content_element\" >\n\t\t<div class=\"wpb_wrapper\">\n\t\t\t<ul>\n<li><strong>Support for Digital Platforms:<\/strong>\n<ul>\n<li>Assisting users with streaming apps, online accounts, or self-service portals.<\/li>\n<li>Resolving issues with logins, installations, or device configurations.<\/li>\n<\/ul>\n<\/li>\n<li><strong>Real-Time Technical Support:<\/strong>\n<ul>\n<li>Expert teams for resolving technical issues via phone, chat, or email.<\/li>\n<\/ul>\n<\/li>\n<\/ul>\n\n\t\t<\/div>\n\t<\/div>\n<\/div><\/div><\/div><\/div><\/div><div class=\"vc_row wpb_row vc_row-fluid\"><div class=\"wpb_column vc_column_container vc_col-sm-12\"><div class=\"vc_column-inner\"><div class=\"wpb_wrapper\"><div class='dt-sc-title script-with-sub-title'><h3><strong>Klju\u010dne prednosti SMAK Solutions-a u ovom sektoru<\/strong><\/h3><h3><\/h3><\/div><div class=\"vc_row wpb_row vc_inner vc_row-fluid\"><div class=\"wpb_column vc_column_container vc_col-sm-6\"><div class=\"vc_column-inner\"><div class=\"wpb_wrapper\">\n\t<div class=\"wpb_text_column wpb_content_element\" >\n\t\t<div class=\"wpb_wrapper\">\n\t\t\t<ul>\n<li><strong>Speed and Efficiency:<\/strong>\n<ul>\n<li>Our agents quickly identify and resolve issues, minimizing customer wait times.<\/li>\n<\/ul>\n<\/li>\n<li><strong>Personalized Communication:<\/strong>\n<ul>\n<li>Each customer receives an individualized approach tailored to their needs and the services they use.<\/li>\n<\/ul>\n<\/li>\n<li><strong>Technological Integration:<\/strong>\n<ul>\n<li>Our infrastructure enables seamless integration with telecommunications and media systems.<\/li>\n<\/ul>\n<\/li>\n<li><strong>3. Flexibility:<\/strong>\n<ul>\n<li>We tailor processes to the specific requirements of each company, ensuring maximum efficiency.<\/li>\n<\/ul>\n<\/li>\n<\/ul>\n\n\t\t<\/div>\n\t<\/div>\n<\/div><\/div><\/div><div class=\"wpb_column vc_column_container vc_col-sm-6\"><div class=\"vc_column-inner\"><div class=\"wpb_wrapper\">\n\t<div  class=\"wpb_single_image wpb_content_element vc_align_center wpb_content_element\">\n\t\t\n\t\t<figure class=\"wpb_wrapper vc_figure\">\n\t\t\t<div class=\"vc_single_image-wrapper   vc_box_border_grey\"><img loading=\"lazy\" decoding=\"async\" width=\"300\" height=\"285\" src=\"https:\/\/smaksolutions.ba\/wp-content\/uploads\/2024\/12\/Povezujemo-ljude-s-rjesenjima-\u2013-vase-usluge-nas-prioritet-300x285.png\" class=\"vc_single_image-img attachment-medium\" alt=\"\" title=\"Connecting People with Solutions \u2013 Your Services, Our Priority.\" srcset=\"https:\/\/smaksolutions.ba\/wp-content\/uploads\/2024\/12\/Povezujemo-ljude-s-rjesenjima-\u2013-vase-usluge-nas-prioritet-300x285.png 300w, https:\/\/smaksolutions.ba\/wp-content\/uploads\/2024\/12\/Povezujemo-ljude-s-rjesenjima-\u2013-vase-usluge-nas-prioritet-13x12.png 13w, https:\/\/smaksolutions.ba\/wp-content\/uploads\/2024\/12\/Povezujemo-ljude-s-rjesenjima-\u2013-vase-usluge-nas-prioritet.png 400w\" sizes=\"auto, (max-width: 300px) 100vw, 300px\" \/><\/div>\n\t\t<\/figure>\n\t<\/div>\n<\/div><\/div><\/div><\/div><\/div><\/div><\/div><\/div>\n<\/div>","protected":false},"excerpt":{"rendered":"Smak Solutions u sluzbi va\u0161eg uspjehaPovezujemo ljude s rje\u0161enjima \u2013 va\u0161e usluge, na\u0161 prioritet. U dinami\u010dnom svijetu telekomunikacija i medija, gdje je brzina odgovora i zadovoljstvo korisnika klju\u010d uspjeha, SMAK Solutions pru\u017ea pouzdanu podr\u0161ku koja unapre\u0111uje va\u0161u povezanost s klijentima. Na\u0161e usluge su dizajnirane da odgovore na sve izazove \u2013 od tehni\u010dke podr\u0161ke i promocije [...]","protected":false},"author":1,"featured_media":0,"parent":0,"menu_order":0,"comment_status":"closed","ping_status":"closed","template":"","meta":{"footnotes":""},"class_list":["post-10538","page","type-page","status-publish","hentry"],"_links":{"self":[{"href":"https:\/\/smaksolutions.ba\/en\/wp-json\/wp\/v2\/pages\/10538","targetHints":{"allow":["GET"]}}],"collection":[{"href":"https:\/\/smaksolutions.ba\/en\/wp-json\/wp\/v2\/pages"}],"about":[{"href":"https:\/\/smaksolutions.ba\/en\/wp-json\/wp\/v2\/types\/page"}],"author":[{"embeddable":true,"href":"https:\/\/smaksolutions.ba\/en\/wp-json\/wp\/v2\/users\/1"}],"replies":[{"embeddable":true,"href":"https:\/\/smaksolutions.ba\/en\/wp-json\/wp\/v2\/comments?post=10538"}],"version-history":[{"count":19,"href":"https:\/\/smaksolutions.ba\/en\/wp-json\/wp\/v2\/pages\/10538\/revisions"}],"predecessor-version":[{"id":11106,"href":"https:\/\/smaksolutions.ba\/en\/wp-json\/wp\/v2\/pages\/10538\/revisions\/11106"}],"wp:attachment":[{"href":"https:\/\/smaksolutions.ba\/en\/wp-json\/wp\/v2\/media?parent=10538"}],"curies":[{"name":"wp","href":"https:\/\/api.w.org\/{rel}","templated":true}]}}